{"id":12,"date":"2013-03-03T15:12:59","date_gmt":"2013-03-03T13:12:59","guid":{"rendered":"http:\/\/www.gk-racing.at\/SFMAV2013\/?page_id=12"},"modified":"2025-08-13T09:35:20","modified_gmt":"2025-08-13T08:35:20","slug":"12-2","status":"publish","type":"page","link":"https:\/\/www.gk-racing.at\/SFMAV2013\/?page_id=12","title":{"rendered":"Mitgliedschaft\/Tarife"},"content":{"rendered":"\n<p>Zum SFMAV-Salzburg kann man sich zu jeder Zeit anmelden. Dazu gibt es ein <a href=\"https:\/\/www.gk-racing.at\/SFMAV2013\/wp-content\/uploads\/2025\/03\/Beitrittserklaerung-2025.pdf\" target=\"_blank\" rel=\"noreferrer noopener\"><b>Formular<\/b><\/a>, welches ausgef\u00fcllt bei uns abgegeben werden muss. Wer sich noch nicht sicher ist, ob das Hobby \u00fcberhaupt das richtige f\u00fcr ihn ist, kann bei uns einen Tag gratis schnuppern und mit seinem eigenen Fahrzeug auf unserer Strecke Erfahrung sammeln und sich Tips von unseren Profis holen.<\/p>\n\n\n\n<p><b>Tarife 2024*<br \/> <\/b><\/p>\n\n\n\n<figure class=\"wp-block-table\"><table><tbody><tr><td><b>Tarifgruppe<\/b><\/td><td><b>Einschreibgeb\u00fchr in \u20ac<\/b><\/td><td><b>Jahresgeb\u00fchr in \u20ac<br \/>\npro Kalenderjahr<\/b><\/td><td><b>Jahresgeb\u00fchr in \u20ac<br \/>\npro Kalenderjahr ohne Arbeitsleistung<\/b><\/td><\/tr><tr><td><i>Erwachsene<\/i><\/td><td>Keine<\/td><td>150 \u20ac<\/td><td>200 \u20ac<\/td><\/tr><tr><td><i>Jugend<\/i><\/td><td>Keine<\/td><td>75 \u20ac<\/td><td>0,00 \u20ac<\/td><\/tr><tr><td><i>Unterst\u00fctzer<\/i><\/td><td>Keine<\/td><td>60 \u20ac<\/td><td>0,00<\/td><\/tr><tr><td><\/td><td><\/td><td><\/td><td><\/td><\/tr><tr><td colspan=\"4\"><b>Tarifgruppen:<\/b><\/td><\/tr><tr><td><i>Erwachsene<\/i><\/td><td colspan=\"3\">ab Vollendung des 18. Lebensjahres<\/td><\/tr><tr><td><i>Jugend<\/i><\/td><td colspan=\"3\">bis zur Vollendung des 18. Lebensjahres<\/td><\/tr><tr><td><\/td><td colspan=\"3\"><\/td><\/tr><tr><td><\/td><td colspan=\"3\"><\/td><\/tr><tr><td colspan=\"2\"><b>Tageskarte 15\u20ac (f\u00fcr Gastfahrer)<\/b><\/td><td colspan=\"2\">&#8222;nur auf Anfrage!!!&#8220;<\/td><\/tr><tr><td colspan=\"2\"><b>Tageskarte 10\u20ac (f\u00fcr jugendliche Gastfahrer)<\/b><\/td><td colspan=\"2\">&#8222;nur auf&nbsp; Anfrage!!!&#8220;<\/td><\/tr><\/tbody><\/table><\/figure>\n\n\n\n<h3 class=\"wp-block-heading\"><em><strong>Unser Kontodaten: <\/strong><\/em><\/h3>\n\n\n\n<h3 class=\"wp-block-heading\"><strong>Salzburger Sparkasse<\/strong><br \/>\n<strong>IBAN: AT97 2040 4000 4136 6774<\/strong><br \/>\n<strong>BIC: SBGSAT2SXXX<\/strong><\/h3>\n\n\n\n<address>&nbsp;<\/address>\n","protected":false},"excerpt":{"rendered":"<p>Zum SFMAV-Salzburg kann man sich zu jeder Zeit anmelden. Dazu gibt es ein Formular, welches ausgef\u00fcllt bei uns abgegeben werden muss. Wer sich noch nicht sicher ist, ob das Hobby \u00fcberhaupt das richtige f\u00fcr ihn ist, kann bei uns einen &hellip; <a href=\"https:\/\/www.gk-racing.at\/SFMAV2013\/?page_id=12\">Weiterlesen <span class=\"meta-nav\">&rarr;<\/span><\/a><\/p>\n","protected":false},"author":1,"featured_media":0,"parent":0,"menu_order":3,"comment_status":"open","ping_status":"open","template":"","meta":{"footnotes":""},"_links":{"self":[{"href":"https:\/\/www.gk-racing.at\/SFMAV2013\/index.php?rest_route=\/wp\/v2\/pages\/12"}],"collection":[{"href":"https:\/\/www.gk-racing.at\/SFMAV2013\/index.php?rest_route=\/wp\/v2\/pages"}],"about":[{"href":"https:\/\/www.gk-racing.at\/SFMAV2013\/index.php?rest_route=\/wp\/v2\/types\/page"}],"author":[{"embeddable":true,"href":"https:\/\/www.gk-racing.at\/SFMAV2013\/index.php?rest_route=\/wp\/v2\/users\/1"}],"replies":[{"embeddable":true,"href":"https:\/\/www.gk-racing.at\/SFMAV2013\/index.php?rest_route=%2Fwp%2Fv2%2Fcomments&post=12"}],"version-history":[{"count":29,"href":"https:\/\/www.gk-racing.at\/SFMAV2013\/index.php?rest_route=\/wp\/v2\/pages\/12\/revisions"}],"predecessor-version":[{"id":935,"href":"https:\/\/www.gk-racing.at\/SFMAV2013\/index.php?rest_route=\/wp\/v2\/pages\/12\/revisions\/935"}],"wp:attachment":[{"href":"https:\/\/www.gk-racing.at\/SFMAV2013\/index.php?rest_route=%2Fwp%2Fv2%2Fmedia&parent=12"}],"curies":[{"name":"wp","href":"https:\/\/api.w.org\/{rel}","templated":true}]}}